{"id":630,"date":"2024-05-15T10:10:57","date_gmt":"2024-05-15T08:10:57","guid":{"rendered":"https:\/\/www.lavilladumorakopf.fr\/kontakt\/"},"modified":"2025-01-10T10:56:37","modified_gmt":"2025-01-10T09:56:37","slug":"kontakt","status":"publish","type":"page","link":"https:\/\/www.lavilladumorakopf.fr\/de\/kontakt\/","title":{"rendered":"Kontakt"},"content":{"rendered":"\t\t<div data-elementor-type=\"wp-page\" data-elementor-id=\"630\" class=\"elementor elementor-630 elementor-44\" data-elementor-post-type=\"page\">\n\t\t\t\t\t\t<section class=\"elementor-section elementor-top-section elementor-element elementor-element-bc7e604 elementor-section-full_width elementor-section-height-min-height elementor-section-items-stretch elementor-section-content-middle elementor-section-height-default\" data-id=\"bc7e604\" data-element_type=\"section\" data-e-type=\"section\">\n\t\t\t\t\t\t<div class=\"elementor-container elementor-column-gap-default\">\n\t\t\t\t\t<div class=\"elementor-column elementor-col-100 elementor-top-column elementor-element elementor-element-d884376\" data-id=\"d884376\" data-element_type=\"column\" data-e-type=\"column\" data-settings=\"{&quot;background_background&quot;:&quot;classic&quot;}\">\n\t\t\t<div class=\"elementor-widget-wrap elementor-element-populated\">\n\t\t\t\t\t<div class=\"elementor-background-overlay\"><\/div>\n\t\t\t\t\t\t<div class=\"elementor-element elementor-element-77902c2 elementor-absolute elementor-widget elementor-widget-heading\" data-id=\"77902c2\" data-element_type=\"widget\" data-e-type=\"widget\" data-settings=\"{&quot;_position&quot;:&quot;absolute&quot;}\" data-widget_type=\"heading.default\">\n\t\t\t\t\t<h1 class=\"elementor-heading-title elementor-size-default\">Kontakt<\/h1>\t\t\t\t<\/div>\n\t\t\t\t\t<\/div>\n\t\t<\/div>\n\t\t\t\t\t<\/div>\n\t\t<\/section>\n\t\t\t\t<section class=\"elementor-section elementor-top-section elementor-element elementor-element-9278601 elementor-section-boxed elementor-section-height-default elementor-section-height-default\" data-id=\"9278601\" data-element_type=\"section\" data-e-type=\"section\">\n\t\t\t\t\t\t<div class=\"elementor-container elementor-column-gap-default\">\n\t\t\t\t\t<div class=\"elementor-column elementor-col-50 elementor-top-column elementor-element elementor-element-908d57b elementor-invisible\" data-id=\"908d57b\" data-element_type=\"column\" data-e-type=\"column\" data-settings=\"{&quot;animation&quot;:&quot;fadeInLeft&quot;}\">\n\t\t\t<div class=\"elementor-widget-wrap elementor-element-populated\">\n\t\t\t\t\t\t<div class=\"elementor-element elementor-element-940cdba elementor-widget elementor-widget-text-editor\" data-id=\"940cdba\" data-element_type=\"widget\" data-e-type=\"widget\" data-widget_type=\"text-editor.default\">\n\t\t\t\t\t\t\t\t\t<p><strong>Die Villa du Morakopf<\/strong><\/p>\n<p>Kappelenweg<br> 68230 NIEDERMORSCHWIHR<\/p>\n<p>E-Mail: <a href=\"mailto:contact@lavilladumorakopf.fr\">contact@lavilladumorakopf.fr<\/a><\/p>\n\t\t\t\t\t\t\t\t<\/div>\n\t\t\t\t<div class=\"elementor-element elementor-element-e4f2e72 elementor-widget elementor-widget-button\" data-id=\"e4f2e72\" data-element_type=\"widget\" data-e-type=\"widget\" data-widget_type=\"button.default\">\n\t\t\t\t\t\t\t\t\t\t<a class=\"elementor-button elementor-button-link elementor-size-sm\" href=\"https:\/\/www.instagram.com\/villadumorakopf\" target=\"_blank\">\n\t\t\t\t\t\t<span class=\"elementor-button-content-wrapper\">\n\t\t\t\t\t\t<span class=\"elementor-button-icon\">\n\t\t\t\t<svg aria-hidden=\"true\" class=\"e-font-icon-svg e-fab-instagram\" viewBox=\"0 0 448 512\" xmlns=\"http:\/\/www.w3.org\/2000\/svg\"><path d=\"M224.1 141c-63.6 0-114.9 51.3-114.9 114.9s51.3 114.9 114.9 114.9S339 319.5 339 255.9 287.7 141 224.1 141zm0 189.6c-41.1 0-74.7-33.5-74.7-74.7s33.5-74.7 74.7-74.7 74.7 33.5 74.7 74.7-33.6 74.7-74.7 74.7zm146.4-194.3c0 14.9-12 26.8-26.8 26.8-14.9 0-26.8-12-26.8-26.8s12-26.8 26.8-26.8 26.8 12 26.8 26.8zm76.1 27.2c-1.7-35.9-9.9-67.7-36.2-93.9-26.2-26.2-58-34.4-93.9-36.2-37-2.1-147.9-2.1-184.9 0-35.8 1.7-67.6 9.9-93.9 36.1s-34.4 58-36.2 93.9c-2.1 37-2.1 147.9 0 184.9 1.7 35.9 9.9 67.7 36.2 93.9s58 34.4 93.9 36.2c37 2.1 147.9 2.1 184.9 0 35.9-1.7 67.7-9.9 93.9-36.2 26.2-26.2 34.4-58 36.2-93.9 2.1-37 2.1-147.8 0-184.8zM398.8 388c-7.8 19.6-22.9 34.7-42.6 42.6-29.5 11.7-99.5 9-132.1 9s-102.7 2.6-132.1-9c-19.6-7.8-34.7-22.9-42.6-42.6-11.7-29.5-9-99.5-9-132.1s-2.6-102.7 9-132.1c7.8-19.6 22.9-34.7 42.6-42.6 29.5-11.7 99.5-9 132.1-9s102.7-2.6 132.1 9c19.6 7.8 34.7 22.9 42.6 42.6 11.7 29.5 9 99.5 9 132.1s2.7 102.7-9 132.1z\"><\/path><\/svg>\t\t\t<\/span>\n\t\t\t\t\t\t\t\t\t<span class=\"elementor-button-text\">@villadumorakopf<\/span>\n\t\t\t\t\t<\/span>\n\t\t\t\t\t<\/a>\n\t\t\t\t\t\t\t\t<\/div>\n\t\t\t\t\t<\/div>\n\t\t<\/div>\n\t\t\t\t<div class=\"elementor-column elementor-col-50 elementor-top-column elementor-element elementor-element-d5d0c41 elementor-invisible\" data-id=\"d5d0c41\" data-element_type=\"column\" data-e-type=\"column\" data-settings=\"{&quot;animation&quot;:&quot;fadeInRight&quot;}\">\n\t\t\t<div class=\"elementor-widget-wrap elementor-element-populated\">\n\t\t\t\t\t\t<div class=\"elementor-element elementor-element-473f0b5 elementor-button-align-stretch elementor-widget elementor-widget-form\" data-id=\"473f0b5\" data-element_type=\"widget\" data-e-type=\"widget\" data-settings=\"{&quot;step_next_label&quot;:&quot;Weiter zu&quot;,&quot;step_previous_label&quot;:&quot;Vorherige&quot;,&quot;button_width&quot;:&quot;100&quot;,&quot;step_type&quot;:&quot;number_text&quot;,&quot;step_icon_shape&quot;:&quot;circle&quot;}\" data-widget_type=\"form.default\">\n\t\t\t\t\t\t\t<form class=\"elementor-form\" method=\"post\" name=\"Neues Formular\" aria-label=\"Neues Formular\">\n\t\t\t<input type=\"hidden\" name=\"post_id\" value=\"630\"\/>\n\t\t\t<input type=\"hidden\" name=\"form_id\" value=\"473f0b5\"\/>\n\t\t\t<input type=\"hidden\" name=\"referer_title\" value=\"La Villa du Morakopf\" \/>\n\n\t\t\t\n\t\t\t<div class=\"elementor-form-fields-wrapper elementor-labels-above\">\n\t\t\t\t\t\t\t\t<div class=\"elementor-field-type-text elementor-field-group elementor-column elementor-field-group-name elementor-col-100\">\n\t\t\t\t\t\t\t\t\t\t\t\t<label for=\"form-field-name\" class=\"elementor-field-label\">\n\t\t\t\t\t\t\t\tName\t\t\t\t\t\t\t<\/label>\n\t\t\t\t\t\t\t\t\t\t\t\t\t\t<input size=\"1\" type=\"text\" name=\"form_fields[name]\" id=\"form-field-name\" class=\"elementor-field elementor-size-sm  elementor-field-textual\" placeholder=\"Name\">\n\t\t\t\t\t\t\t\t\t\t\t<\/div>\n\t\t\t\t\t\t\t\t<div class=\"elementor-field-type-email elementor-field-group elementor-column elementor-field-group-email elementor-col-100 elementor-field-required\">\n\t\t\t\t\t\t\t\t\t\t\t\t<label for=\"form-field-email\" class=\"elementor-field-label\">\n\t\t\t\t\t\t\t\tE-Mail\t\t\t\t\t\t\t<\/label>\n\t\t\t\t\t\t\t\t\t\t\t\t\t\t<input size=\"1\" type=\"email\" name=\"form_fields[email]\" id=\"form-field-email\" class=\"elementor-field elementor-size-sm  elementor-field-textual\" placeholder=\"E-Mail\" required=\"required\">\n\t\t\t\t\t\t\t\t\t\t\t<\/div>\n\t\t\t\t\t\t\t\t<div class=\"elementor-field-type-textarea elementor-field-group elementor-column elementor-field-group-message elementor-col-100\">\n\t\t\t\t\t\t\t\t\t\t\t\t<label for=\"form-field-message\" class=\"elementor-field-label\">\n\t\t\t\t\t\t\t\tNachricht\t\t\t\t\t\t\t<\/label>\n\t\t\t\t\t\t<textarea class=\"elementor-field-textual elementor-field  elementor-size-sm\" name=\"form_fields[message]\" id=\"form-field-message\" rows=\"4\" placeholder=\"Nachricht\"><\/textarea>\t\t\t\t<\/div>\n\t\t\t\t\t\t\t\t<div class=\"elementor-field-type-recaptcha_v3 elementor-field-group elementor-column elementor-field-group-field_209b253 elementor-col-100 recaptcha_v3-bottomright\">\n\t\t\t\t\t<div class=\"elementor-field\" id=\"form-field-field_209b253\"><div class=\"elementor-g-recaptcha\" data-sitekey=\"6LcoV_QqAAAAAJDtJvxNLjLrdxz-9H_I5kV19GUc\" data-type=\"v3\" data-action=\"Form\" data-badge=\"bottomright\" data-size=\"invisible\"><\/div><\/div>\t\t\t\t<\/div>\n\t\t\t\t\t\t\t\t<div class=\"elementor-field-group elementor-column elementor-field-type-submit elementor-col-100 e-form__buttons\">\n\t\t\t\t\t<button class=\"elementor-button elementor-size-sm\" type=\"submit\">\n\t\t\t\t\t\t<span class=\"elementor-button-content-wrapper\">\n\t\t\t\t\t\t\t\t\t\t\t\t\t\t\t\t\t\t\t\t\t\t<span class=\"elementor-button-text\">Senden Sie<\/span>\n\t\t\t\t\t\t\t\t\t\t\t\t\t<\/span>\n\t\t\t\t\t<\/button>\n\t\t\t\t<\/div>\n\t\t\t<\/div>\n\t\t<\/form>\n\t\t\t\t\t\t<\/div>\n\t\t\t\t\t<\/div>\n\t\t<\/div>\n\t\t\t\t\t<\/div>\n\t\t<\/section>\n\t\t\t\t<section class=\"elementor-section elementor-top-section elementor-element elementor-element-7df2768 elementor-section-boxed elementor-section-height-default elementor-section-height-default\" data-id=\"7df2768\" data-element_type=\"section\" data-e-type=\"section\">\n\t\t\t\t\t\t<div class=\"elementor-container elementor-column-gap-default\">\n\t\t\t\t\t<div class=\"elementor-column elementor-col-100 elementor-top-column elementor-element elementor-element-8ab7bf0 elementor-invisible\" data-id=\"8ab7bf0\" data-element_type=\"column\" data-e-type=\"column\" data-settings=\"{&quot;animation&quot;:&quot;fadeInUp&quot;}\">\n\t\t\t<div class=\"elementor-widget-wrap elementor-element-populated\">\n\t\t\t\t\t\t<div class=\"elementor-element elementor-element-5f6542f elementor-widget elementor-widget-google_maps\" data-id=\"5f6542f\" data-element_type=\"widget\" data-e-type=\"widget\" data-widget_type=\"google_maps.default\">\n\t\t\t\t\t\t\t<div class=\"elementor-custom-embed\">\n\t\t\t<iframe loading=\"lazy\"\n\t\t\t\t\tsrc=\"https:\/\/maps.google.com\/maps?q=La%20Villa%20du%20Morakopf%20%20Chemin%20dit%20Kappelenweg%2068230%20NIEDERMORSCHWIHR&#038;t=m&#038;z=12&#038;output=embed&#038;iwloc=near\"\n\t\t\t\t\ttitle=\"La Villa du Morakopf  Chemin dit Kappelenweg 68230 NIEDERMORSCHWIHR\"\n\t\t\t\t\taria-label=\"La Villa du Morakopf  Chemin dit Kappelenweg 68230 NIEDERMORSCHWIHR\"\n\t\t\t><\/iframe>\n\t\t<\/div>\n\t\t\t\t\t\t<\/div>\n\t\t\t\t\t<\/div>\n\t\t<\/div>\n\t\t\t\t\t<\/div>\n\t\t<\/section>\n\t\t\t\t<\/div>\n\t\t","protected":false},"excerpt":{"rendered":"<p>Kontakt Die Villa du Morakopf Kappelenweg 68230 NIEDERMORSCHWIHR E-Mail: contact@lavilladumorakopf.fr @villadumorakopf<\/p>\n","protected":false},"author":1,"featured_media":0,"parent":0,"menu_order":0,"comment_status":"closed","ping_status":"closed","template":"","meta":{"_acf_changed":false,"footnotes":""},"class_list":["post-630","page","type-page","status-publish","hentry"],"acf":[],"yoast_head":"<!-- This site is optimized with the Yoast SEO plugin v27.6 - https:\/\/yoast.com\/product\/yoast-seo-wordpress\/ -->\n<title>Kontakt - La Villa du Morakopf - Els\u00e4ssische Weinstra\u00dfe<\/title>\n<meta name=\"description\" content=\"Kontaktieren und buchen Sie die Villa du Morakopf auf der els\u00e4ssischen Weinstra\u00dfe. Unsere komfortable Villa bietet Platz f\u00fcr bis zu 7 Personen.\" \/>\n<meta name=\"robots\" content=\"index, follow, max-snippet:-1, max-image-preview:large, max-video-preview:-1\" \/>\n<link rel=\"canonical\" href=\"https:\/\/www.lavilladumorakopf.fr\/contact\/\" \/>\n<meta property=\"og:locale\" content=\"de_DE\" \/>\n<meta property=\"og:type\" content=\"article\" \/>\n<meta property=\"og:title\" content=\"Kontakt - La Villa du Morakopf - Els\u00e4ssische Weinstra\u00dfe\" \/>\n<meta property=\"og:description\" content=\"Kontaktieren und buchen Sie die Villa du Morakopf auf der els\u00e4ssischen Weinstra\u00dfe. Unsere komfortable Villa bietet Platz f\u00fcr bis zu 7 Personen.\" \/>\n<meta property=\"og:url\" content=\"https:\/\/www.lavilladumorakopf.fr\/contact\/\" \/>\n<meta property=\"og:site_name\" content=\"La Villa du Morakopf\" \/>\n<meta property=\"article:modified_time\" content=\"2025-01-10T09:56:37+00:00\" \/>\n<meta property=\"og:image\" content=\"https:\/\/www.lavilladumorakopf.fr\/wp-content\/uploads\/2024\/07\/prive-villa-du-morakopf-et-caveau-morakopf-46.jpg\" \/>\n\t<meta property=\"og:image:width\" content=\"1499\" \/>\n\t<meta property=\"og:image:height\" content=\"1000\" \/>\n\t<meta property=\"og:image:type\" content=\"image\/jpeg\" \/>\n<meta name=\"twitter:card\" content=\"summary_large_image\" \/>\n<script type=\"application\/ld+json\" class=\"yoast-schema-graph\">{\"@context\":\"https:\\\/\\\/schema.org\",\"@graph\":[{\"@type\":\"WebPage\",\"@id\":\"https:\\\/\\\/www.lavilladumorakopf.fr\\\/contact\\\/\",\"url\":\"https:\\\/\\\/www.lavilladumorakopf.fr\\\/contact\\\/\",\"name\":\"Kontakt - La Villa du Morakopf - Els\u00e4ssische Weinstra\u00dfe\",\"isPartOf\":{\"@id\":\"https:\\\/\\\/www.lavilladumorakopf.fr\\\/#website\"},\"datePublished\":\"2024-05-15T08:10:57+00:00\",\"dateModified\":\"2025-01-10T09:56:37+00:00\",\"description\":\"Kontaktieren und buchen Sie die Villa du Morakopf auf der els\u00e4ssischen Weinstra\u00dfe. Unsere komfortable Villa bietet Platz f\u00fcr bis zu 7 Personen.\",\"breadcrumb\":{\"@id\":\"https:\\\/\\\/www.lavilladumorakopf.fr\\\/contact\\\/#breadcrumb\"},\"inLanguage\":\"de\",\"potentialAction\":[{\"@type\":\"ReadAction\",\"target\":[\"https:\\\/\\\/www.lavilladumorakopf.fr\\\/contact\\\/\"]}]},{\"@type\":\"BreadcrumbList\",\"@id\":\"https:\\\/\\\/www.lavilladumorakopf.fr\\\/contact\\\/#breadcrumb\",\"itemListElement\":[{\"@type\":\"ListItem\",\"position\":1,\"name\":\"Accueil\",\"item\":\"https:\\\/\\\/www.lavilladumorakopf.fr\\\/de\\\/die-villa\\\/\"},{\"@type\":\"ListItem\",\"position\":2,\"name\":\"Kontakt\"}]},{\"@type\":\"WebSite\",\"@id\":\"https:\\\/\\\/www.lavilladumorakopf.fr\\\/#website\",\"url\":\"https:\\\/\\\/www.lavilladumorakopf.fr\\\/\",\"name\":\"La Villa du Morakopf\",\"description\":\"Votre g\u00eete autour de Colmar\",\"publisher\":{\"@id\":\"https:\\\/\\\/www.lavilladumorakopf.fr\\\/#organization\"},\"potentialAction\":[{\"@type\":\"SearchAction\",\"target\":{\"@type\":\"EntryPoint\",\"urlTemplate\":\"https:\\\/\\\/www.lavilladumorakopf.fr\\\/?s={search_term_string}\"},\"query-input\":{\"@type\":\"PropertyValueSpecification\",\"valueRequired\":true,\"valueName\":\"search_term_string\"}}],\"inLanguage\":\"de\"},{\"@type\":\"Organization\",\"@id\":\"https:\\\/\\\/www.lavilladumorakopf.fr\\\/#organization\",\"name\":\"La Villa du Morakopf\",\"url\":\"https:\\\/\\\/www.lavilladumorakopf.fr\\\/\",\"logo\":{\"@type\":\"ImageObject\",\"inLanguage\":\"de\",\"@id\":\"https:\\\/\\\/www.lavilladumorakopf.fr\\\/#\\\/schema\\\/logo\\\/image\\\/\",\"url\":\"https:\\\/\\\/www.lavilladumorakopf.fr\\\/wp-content\\\/uploads\\\/2024\\\/05\\\/LA-VILLA-M-bleu-petrol.png\",\"contentUrl\":\"https:\\\/\\\/www.lavilladumorakopf.fr\\\/wp-content\\\/uploads\\\/2024\\\/05\\\/LA-VILLA-M-bleu-petrol.png\",\"width\":1845,\"height\":581,\"caption\":\"La Villa du Morakopf\"},\"image\":{\"@id\":\"https:\\\/\\\/www.lavilladumorakopf.fr\\\/#\\\/schema\\\/logo\\\/image\\\/\"}}]}<\/script>\n<!-- \/ Yoast SEO plugin. -->","yoast_head_json":{"title":"Kontakt - La Villa du Morakopf - Els\u00e4ssische Weinstra\u00dfe","description":"Kontaktieren und buchen Sie die Villa du Morakopf auf der els\u00e4ssischen Weinstra\u00dfe. Unsere komfortable Villa bietet Platz f\u00fcr bis zu 7 Personen.","robots":{"index":"index","follow":"follow","max-snippet":"max-snippet:-1","max-image-preview":"max-image-preview:large","max-video-preview":"max-video-preview:-1"},"canonical":"https:\/\/www.lavilladumorakopf.fr\/contact\/","og_locale":"de_DE","og_type":"article","og_title":"Kontakt - La Villa du Morakopf - Els\u00e4ssische Weinstra\u00dfe","og_description":"Kontaktieren und buchen Sie die Villa du Morakopf auf der els\u00e4ssischen Weinstra\u00dfe. Unsere komfortable Villa bietet Platz f\u00fcr bis zu 7 Personen.","og_url":"https:\/\/www.lavilladumorakopf.fr\/contact\/","og_site_name":"La Villa du Morakopf","article_modified_time":"2025-01-10T09:56:37+00:00","og_image":[{"width":1499,"height":1000,"url":"https:\/\/www.lavilladumorakopf.fr\/wp-content\/uploads\/2024\/07\/prive-villa-du-morakopf-et-caveau-morakopf-46.jpg","type":"image\/jpeg"}],"twitter_card":"summary_large_image","schema":{"@context":"https:\/\/schema.org","@graph":[{"@type":"WebPage","@id":"https:\/\/www.lavilladumorakopf.fr\/contact\/","url":"https:\/\/www.lavilladumorakopf.fr\/contact\/","name":"Kontakt - La Villa du Morakopf - Els\u00e4ssische Weinstra\u00dfe","isPartOf":{"@id":"https:\/\/www.lavilladumorakopf.fr\/#website"},"datePublished":"2024-05-15T08:10:57+00:00","dateModified":"2025-01-10T09:56:37+00:00","description":"Kontaktieren und buchen Sie die Villa du Morakopf auf der els\u00e4ssischen Weinstra\u00dfe. Unsere komfortable Villa bietet Platz f\u00fcr bis zu 7 Personen.","breadcrumb":{"@id":"https:\/\/www.lavilladumorakopf.fr\/contact\/#breadcrumb"},"inLanguage":"de","potentialAction":[{"@type":"ReadAction","target":["https:\/\/www.lavilladumorakopf.fr\/contact\/"]}]},{"@type":"BreadcrumbList","@id":"https:\/\/www.lavilladumorakopf.fr\/contact\/#breadcrumb","itemListElement":[{"@type":"ListItem","position":1,"name":"Accueil","item":"https:\/\/www.lavilladumorakopf.fr\/de\/die-villa\/"},{"@type":"ListItem","position":2,"name":"Kontakt"}]},{"@type":"WebSite","@id":"https:\/\/www.lavilladumorakopf.fr\/#website","url":"https:\/\/www.lavilladumorakopf.fr\/","name":"La Villa du Morakopf","description":"Votre g\u00eete autour de Colmar","publisher":{"@id":"https:\/\/www.lavilladumorakopf.fr\/#organization"},"potentialAction":[{"@type":"SearchAction","target":{"@type":"EntryPoint","urlTemplate":"https:\/\/www.lavilladumorakopf.fr\/?s={search_term_string}"},"query-input":{"@type":"PropertyValueSpecification","valueRequired":true,"valueName":"search_term_string"}}],"inLanguage":"de"},{"@type":"Organization","@id":"https:\/\/www.lavilladumorakopf.fr\/#organization","name":"La Villa du Morakopf","url":"https:\/\/www.lavilladumorakopf.fr\/","logo":{"@type":"ImageObject","inLanguage":"de","@id":"https:\/\/www.lavilladumorakopf.fr\/#\/schema\/logo\/image\/","url":"https:\/\/www.lavilladumorakopf.fr\/wp-content\/uploads\/2024\/05\/LA-VILLA-M-bleu-petrol.png","contentUrl":"https:\/\/www.lavilladumorakopf.fr\/wp-content\/uploads\/2024\/05\/LA-VILLA-M-bleu-petrol.png","width":1845,"height":581,"caption":"La Villa du Morakopf"},"image":{"@id":"https:\/\/www.lavilladumorakopf.fr\/#\/schema\/logo\/image\/"}}]}},"_links":{"self":[{"href":"https:\/\/www.lavilladumorakopf.fr\/de\/wp-json\/wp\/v2\/pages\/630","targetHints":{"allow":["GET"]}}],"collection":[{"href":"https:\/\/www.lavilladumorakopf.fr\/de\/wp-json\/wp\/v2\/pages"}],"about":[{"href":"https:\/\/www.lavilladumorakopf.fr\/de\/wp-json\/wp\/v2\/types\/page"}],"author":[{"embeddable":true,"href":"https:\/\/www.lavilladumorakopf.fr\/de\/wp-json\/wp\/v2\/users\/1"}],"replies":[{"embeddable":true,"href":"https:\/\/www.lavilladumorakopf.fr\/de\/wp-json\/wp\/v2\/comments?post=630"}],"version-history":[{"count":3,"href":"https:\/\/www.lavilladumorakopf.fr\/de\/wp-json\/wp\/v2\/pages\/630\/revisions"}],"predecessor-version":[{"id":747,"href":"https:\/\/www.lavilladumorakopf.fr\/de\/wp-json\/wp\/v2\/pages\/630\/revisions\/747"}],"wp:attachment":[{"href":"https:\/\/www.lavilladumorakopf.fr\/de\/wp-json\/wp\/v2\/media?parent=630"}],"curies":[{"name":"wp","href":"https:\/\/api.w.org\/{rel}","templated":true}]}}